{"id":1454,"date":"2024-12-04T20:07:31","date_gmt":"2024-12-04T20:07:31","guid":{"rendered":"https:\/\/labvieillirlaurentides.uqo.ca\/?page_id=1454"},"modified":"2024-12-04T21:06:11","modified_gmt":"2024-12-04T21:06:11","slug":"travaux-en-cours","status":"publish","type":"page","link":"https:\/\/labvieillirlaurentides.uqo.ca\/index.php\/travaux-du-lab\/travaux-en-cours\/","title":{"rendered":"Travaux en cours"},"content":{"rendered":"<p><div class=\"fusion-fullwidth fullwidth-box fusion-builder-row-1 fusion-flex-container has-pattern-background has-mask-background fusion-parallax-none full-width-padding hundred-percent-fullwidth non-hundred-percent-height-scrolling\" style=\"--awb-border-radius-top-left:0px;--awb-border-radius-top-right:0px;--awb-border-radius-bottom-right:0px;--awb-border-radius-bottom-left:0px;--awb-padding-top:12em;--awb-padding-right:140px;--awb-padding-bottom:4em;--awb-padding-left:140px;--awb-padding-right-medium:30px;--awb-padding-left-medium:30px;--awb-padding-top-small:10em;--awb-padding-right-small:30px;--awb-padding-bottom-small:2em;--awb-padding-left-small:30px;--awb-margin-top:-4em;--awb-margin-top-small:-4em;--awb-background-color:rgba(222,217,209,0.28);--awb-background-image:url(&quot;https:\/\/labvieillirlaurentides.uqo.ca\/wp-content\/uploads\/2023\/12\/ecosysteme.png&quot;);--awb-background-size:cover;--awb-flex-wrap:wrap;\" ><div class=\"fusion-builder-row fusion-row fusion-flex-align-items-flex-start fusion-flex-content-wrap\" style=\"width:104% !important;max-width:104% !important;margin-left: calc(-4% \/ 2 );margin-right: calc(-4% \/ 2 );\"><div class=\"fusion-layout-column fusion_builder_column fusion-builder-column-0 fusion_builder_column_1_1 1_1 fusion-flex-column\" style=\"--awb-bg-size:cover;--awb-width-large:100%;--awb-margin-top-large:0px;--awb-spacing-right-large:1.92%;--awb-margin-bottom-large:0px;--awb-spacing-left-large:1.92%;--awb-width-medium:100%;--awb-order-medium:0;--awb-spacing-right-medium:1.92%;--awb-spacing-left-medium:1.92%;--awb-width-small:100%;--awb-order-small:0;--awb-spacing-right-small:1.92%;--awb-spacing-left-small:1.92%;\" data-motion-effects=\"[{&quot;type&quot;:&quot;&quot;,&quot;scroll_type&quot;:&quot;transition&quot;,&quot;scroll_direction&quot;:&quot;up&quot;,&quot;transition_speed&quot;:&quot;1&quot;,&quot;fade_type&quot;:&quot;in&quot;,&quot;scale_type&quot;:&quot;up&quot;,&quot;initial_scale&quot;:&quot;1&quot;,&quot;max_scale&quot;:&quot;1.5&quot;,&quot;min_scale&quot;:&quot;0.5&quot;,&quot;initial_rotate&quot;:&quot;0&quot;,&quot;end_rotate&quot;:&quot;30&quot;,&quot;initial_blur&quot;:&quot;0&quot;,&quot;end_blur&quot;:&quot;3&quot;,&quot;start_element&quot;:&quot;top&quot;,&quot;start_viewport&quot;:&quot;bottom&quot;,&quot;end_element&quot;:&quot;bottom&quot;,&quot;end_viewport&quot;:&quot;top&quot;,&quot;mouse_effect&quot;:&quot;track&quot;,&quot;mouse_effect_direction&quot;:&quot;opposite&quot;,&quot;mouse_effect_speed&quot;:&quot;2&quot;,&quot;infinite_animation&quot;:&quot;float&quot;,&quot;infinite_animation_speed&quot;:&quot;2&quot;}]\" data-scroll-devices=\"small-visibility,medium-visibility,large-visibility\"><div class=\"fusion-column-wrapper fusion-column-has-shadow fusion-flex-justify-content-flex-start fusion-content-layout-column\"><div class=\"fusion-title title fusion-title-1 fusion-sep-none fusion-title-text fusion-title-size-two\" style=\"--awb-margin-bottom:25px;\"><h2 class=\"fusion-title-heading title-heading-left fusion-responsive-typography-calculated\" style=\"margin:0;--fontSize:55;line-height:1.2;\">\u00c9volution des projets en cours<\/h2><\/div><\/div><\/div><\/div><\/div><div class=\"fusion-fullwidth fullwidth-box fusion-builder-row-2 fusion-flex-container has-pattern-background has-mask-background full-width-padding hundred-percent-fullwidth non-hundred-percent-height-scrolling\" style=\"--awb-border-radius-top-left:0px;--awb-border-radius-top-right:0px;--awb-border-radius-bottom-right:0px;--awb-border-radius-bottom-left:0px;--awb-padding-top:5em;--awb-padding-right:140px;--awb-padding-bottom:5em;--awb-padding-left:140px;--awb-padding-right-medium:60px;--awb-padding-left-medium:60px;--awb-padding-right-small:30px;--awb-padding-left-small:30px;--awb-background-color:rgba(60,122,55,0.15);--awb-flex-wrap:wrap;\" id=\"resultats\" ><div class=\"fusion-builder-row fusion-row fusion-flex-align-items-stretch fusion-flex-content-wrap\" style=\"width:104% !important;max-width:104% !important;margin-left: calc(-4% \/ 2 );margin-right: calc(-4% \/ 2 );\"><div class=\"fusion-layout-column fusion_builder_column fusion-builder-column-1 fusion_builder_column_1_1 1_1 fusion-flex-column hide\" style=\"--awb-bg-size:cover;--awb-width-large:100%;--awb-margin-top-large:4em;--awb-spacing-right-large:1.92%;--awb-margin-bottom-large:20px;--awb-spacing-left-large:1.92%;--awb-width-medium:100%;--awb-order-medium:0;--awb-spacing-right-medium:1.92%;--awb-spacing-left-medium:1.92%;--awb-width-small:100%;--awb-order-small:0;--awb-spacing-right-small:1.92%;--awb-spacing-left-small:1.92%;\" data-motion-effects=\"[{&quot;type&quot;:&quot;&quot;,&quot;scroll_type&quot;:&quot;transition&quot;,&quot;scroll_direction&quot;:&quot;up&quot;,&quot;transition_speed&quot;:&quot;1&quot;,&quot;fade_type&quot;:&quot;in&quot;,&quot;scale_type&quot;:&quot;up&quot;,&quot;initial_scale&quot;:&quot;1&quot;,&quot;max_scale&quot;:&quot;1.5&quot;,&quot;min_scale&quot;:&quot;0.5&quot;,&quot;initial_rotate&quot;:&quot;0&quot;,&quot;end_rotate&quot;:&quot;30&quot;,&quot;initial_blur&quot;:&quot;0&quot;,&quot;end_blur&quot;:&quot;3&quot;,&quot;start_element&quot;:&quot;top&quot;,&quot;start_viewport&quot;:&quot;bottom&quot;,&quot;end_element&quot;:&quot;bottom&quot;,&quot;end_viewport&quot;:&quot;top&quot;,&quot;mouse_effect&quot;:&quot;track&quot;,&quot;mouse_effect_direction&quot;:&quot;opposite&quot;,&quot;mouse_effect_speed&quot;:&quot;2&quot;,&quot;infinite_animation&quot;:&quot;float&quot;,&quot;infinite_animation_speed&quot;:&quot;2&quot;}]\" data-scroll-devices=\"small-visibility,medium-visibility,large-visibility\"><div class=\"fusion-column-wrapper fusion-column-has-shadow fusion-flex-justify-content-flex-start fusion-content-layout-column\"><div class=\"fusion-title title fusion-title-2 fusion-sep-none fusion-title-text fusion-title-size-three\"><h3 class=\"fusion-title-heading title-heading-left fusion-responsive-typography-calculated\" style=\"margin:0;--fontSize:35;line-height:1;\">Lors de l&rsquo;activit\u00e9 des Espaces courte-pointe en mai 2024, diverses id\u00e9es de projets ont \u00e9merg\u00e9 dans les territoires d&rsquo;Argenteuil et d&rsquo;Antoine-Labelle. Les partenaires du laboratoire ont form\u00e9 des \u00e9quipes et se rencontrent mensuellement dans le but de co-construire les projets et d&rsquo;arriver \u00e0 une premi\u00e8re exp\u00e9rimentation au printemps 2025.<\/h3><\/div><\/div><\/div><\/div><\/div><div class=\"fusion-fullwidth fullwidth-box fusion-builder-row-3 fusion-flex-container has-pattern-background has-mask-background nonhundred-percent-fullwidth non-hundred-percent-height-scrolling\" style=\"--awb-border-radius-top-left:0px;--awb-border-radius-top-right:0px;--awb-border-radius-bottom-right:0px;--awb-border-radius-bottom-left:0px;--awb-flex-wrap:wrap;\" ><div class=\"fusion-builder-row fusion-row fusion-flex-align-items-flex-start fusion-flex-content-wrap\" style=\"max-width:1248px;margin-left: calc(-4% \/ 2 );margin-right: calc(-4% \/ 2 );\"><div class=\"fusion-layout-column fusion_builder_column fusion-builder-column-2 fusion_builder_column_1_1 1_1 fusion-flex-column\" style=\"--awb-bg-size:cover;--awb-width-large:100%;--awb-margin-top-large:0px;--awb-spacing-right-large:1.92%;--awb-margin-bottom-large:20px;--awb-spacing-left-large:1.92%;--awb-width-medium:100%;--awb-order-medium:0;--awb-spacing-right-medium:1.92%;--awb-spacing-left-medium:1.92%;--awb-width-small:100%;--awb-order-small:0;--awb-spacing-right-small:1.92%;--awb-spacing-left-small:1.92%;\"><div class=\"fusion-column-wrapper fusion-column-has-shadow fusion-flex-justify-content-flex-start fusion-content-layout-column\"><div class=\"fusion-text fusion-text-1\"><h2>\u00c9tat des projets &#8211; Mai 2024<\/h2>\n<\/div><\/div><\/div><div class=\"fusion-layout-column fusion_builder_column fusion-builder-column-3 fusion_builder_column_1_2 1_2 fusion-flex-column\" style=\"--awb-bg-size:cover;--awb-width-large:50%;--awb-margin-top-large:0px;--awb-spacing-right-large:3.84%;--awb-margin-bottom-large:20px;--awb-spacing-left-large:3.84%;--awb-width-medium:50%;--awb-order-medium:0;--awb-spacing-right-medium:3.84%;--awb-spacing-left-medium:3.84%;--awb-width-small:100%;--awb-order-small:0;--awb-spacing-right-small:1.92%;--awb-spacing-left-small:1.92%;\"><div class=\"fusion-column-wrapper fusion-column-has-shadow fusion-flex-justify-content-flex-start fusion-content-layout-column\"><div class=\"fusion-text fusion-text-2\"><h3><strong>Antoine-Labelle &#8211; Projet 1<\/strong><\/h3>\n<\/div><div class=\"fusion-image-element \" style=\"--awb-caption-title-font-family:var(--h2_typography-font-family);--awb-caption-title-font-weight:var(--h2_typography-font-weight);--awb-caption-title-font-style:var(--h2_typography-font-style);--awb-caption-title-size:var(--h2_typography-font-size);--awb-caption-title-transform:var(--h2_typography-text-transform);--awb-caption-title-line-height:var(--h2_typography-line-height);--awb-caption-title-letter-spacing:var(--h2_typography-letter-spacing);\"><span class=\" fusion-imageframe imageframe-none imageframe-1 hover-type-none\"><img decoding=\"async\" width=\"4608\" height=\"3456\" title=\"AL-P1\" src=\"https:\/\/labvieillirlaurentides.uqo.ca\/wp-content\/uploads\/2024\/10\/AL-P1.png\" alt class=\"img-responsive wp-image-1337\" srcset=\"https:\/\/labvieillirlaurentides.uqo.ca\/wp-content\/uploads\/2024\/10\/AL-P1-200x150.png 200w, https:\/\/labvieillirlaurentides.uqo.ca\/wp-content\/uploads\/2024\/10\/AL-P1-400x300.png 400w, https:\/\/labvieillirlaurentides.uqo.ca\/wp-content\/uploads\/2024\/10\/AL-P1-600x450.png 600w, https:\/\/labvieillirlaurentides.uqo.ca\/wp-content\/uploads\/2024\/10\/AL-P1-800x600.png 800w, https:\/\/labvieillirlaurentides.uqo.ca\/wp-content\/uploads\/2024\/10\/AL-P1-1200x900.png 1200w, https:\/\/labvieillirlaurentides.uqo.ca\/wp-content\/uploads\/2024\/10\/AL-P1.png 4608w\" sizes=\"(max-width: 640px) 100vw, 600px\" \/><\/span><\/div><\/div><\/div><div class=\"fusion-layout-column fusion_builder_column fusion-builder-column-4 fusion_builder_column_1_2 1_2 fusion-flex-column\" style=\"--awb-bg-size:cover;--awb-width-large:50%;--awb-margin-top-large:0px;--awb-spacing-right-large:3.84%;--awb-margin-bottom-large:20px;--awb-spacing-left-large:3.84%;--awb-width-medium:50%;--awb-order-medium:0;--awb-spacing-right-medium:3.84%;--awb-spacing-left-medium:3.84%;--awb-width-small:100%;--awb-order-small:0;--awb-spacing-right-small:1.92%;--awb-spacing-left-small:1.92%;\"><div class=\"fusion-column-wrapper fusion-column-has-shadow fusion-flex-justify-content-flex-start fusion-content-layout-column\"><div class=\"fusion-text fusion-text-3\"><h3><strong>Antoine-Labelle &#8211; Projet 2<br \/>\n<\/strong><\/h3>\n<\/div><div class=\"fusion-image-element \" style=\"--awb-caption-title-font-family:var(--h2_typography-font-family);--awb-caption-title-font-weight:var(--h2_typography-font-weight);--awb-caption-title-font-style:var(--h2_typography-font-style);--awb-caption-title-size:var(--h2_typography-font-size);--awb-caption-title-transform:var(--h2_typography-text-transform);--awb-caption-title-line-height:var(--h2_typography-line-height);--awb-caption-title-letter-spacing:var(--h2_typography-letter-spacing);\"><span class=\" fusion-imageframe imageframe-none imageframe-2 hover-type-none\"><img decoding=\"async\" width=\"4608\" height=\"3456\" title=\"AL-P2\" src=\"https:\/\/labvieillirlaurentides.uqo.ca\/wp-content\/uploads\/2024\/10\/AL-P2.png\" alt class=\"img-responsive wp-image-1338\" srcset=\"https:\/\/labvieillirlaurentides.uqo.ca\/wp-content\/uploads\/2024\/10\/AL-P2-200x150.png 200w, https:\/\/labvieillirlaurentides.uqo.ca\/wp-content\/uploads\/2024\/10\/AL-P2-400x300.png 400w, https:\/\/labvieillirlaurentides.uqo.ca\/wp-content\/uploads\/2024\/10\/AL-P2-600x450.png 600w, https:\/\/labvieillirlaurentides.uqo.ca\/wp-content\/uploads\/2024\/10\/AL-P2-800x600.png 800w, https:\/\/labvieillirlaurentides.uqo.ca\/wp-content\/uploads\/2024\/10\/AL-P2-1200x900.png 1200w, https:\/\/labvieillirlaurentides.uqo.ca\/wp-content\/uploads\/2024\/10\/AL-P2.png 4608w\" sizes=\"(max-width: 640px) 100vw, 600px\" \/><\/span><\/div><\/div><\/div><div class=\"fusion-layout-column fusion_builder_column fusion-builder-column-5 fusion_builder_column_1_2 1_2 fusion-flex-column\" style=\"--awb-bg-size:cover;--awb-width-large:50%;--awb-margin-top-large:0px;--awb-spacing-right-large:3.84%;--awb-margin-bottom-large:20px;--awb-spacing-left-large:3.84%;--awb-width-medium:50%;--awb-order-medium:0;--awb-spacing-right-medium:3.84%;--awb-spacing-left-medium:3.84%;--awb-width-small:100%;--awb-order-small:0;--awb-spacing-right-small:1.92%;--awb-spacing-left-small:1.92%;\"><div class=\"fusion-column-wrapper fusion-column-has-shadow fusion-flex-justify-content-flex-start fusion-content-layout-column\"><div class=\"fusion-text fusion-text-4\"><h3><strong>Argenteuil &#8211; Projet 1<\/strong><\/h3>\n<\/div><div class=\"fusion-image-element \" style=\"--awb-caption-title-font-family:var(--h2_typography-font-family);--awb-caption-title-font-weight:var(--h2_typography-font-weight);--awb-caption-title-font-style:var(--h2_typography-font-style);--awb-caption-title-size:var(--h2_typography-font-size);--awb-caption-title-transform:var(--h2_typography-text-transform);--awb-caption-title-line-height:var(--h2_typography-line-height);--awb-caption-title-letter-spacing:var(--h2_typography-letter-spacing);\"><span class=\" fusion-imageframe imageframe-none imageframe-3 hover-type-none\"><img decoding=\"async\" width=\"4608\" height=\"3456\" title=\"ARG-P1\" src=\"https:\/\/labvieillirlaurentides.uqo.ca\/wp-content\/uploads\/2024\/10\/ARG-P1.png\" alt class=\"img-responsive wp-image-1322\" srcset=\"https:\/\/labvieillirlaurentides.uqo.ca\/wp-content\/uploads\/2024\/10\/ARG-P1-200x150.png 200w, https:\/\/labvieillirlaurentides.uqo.ca\/wp-content\/uploads\/2024\/10\/ARG-P1-400x300.png 400w, https:\/\/labvieillirlaurentides.uqo.ca\/wp-content\/uploads\/2024\/10\/ARG-P1-600x450.png 600w, https:\/\/labvieillirlaurentides.uqo.ca\/wp-content\/uploads\/2024\/10\/ARG-P1-800x600.png 800w, https:\/\/labvieillirlaurentides.uqo.ca\/wp-content\/uploads\/2024\/10\/ARG-P1-1200x900.png 1200w, https:\/\/labvieillirlaurentides.uqo.ca\/wp-content\/uploads\/2024\/10\/ARG-P1.png 4608w\" sizes=\"(max-width: 640px) 100vw, 600px\" \/><\/span><\/div><\/div><\/div><div class=\"fusion-layout-column fusion_builder_column fusion-builder-column-6 fusion_builder_column_1_2 1_2 fusion-flex-column\" style=\"--awb-bg-size:cover;--awb-width-large:50%;--awb-margin-top-large:0px;--awb-spacing-right-large:3.84%;--awb-margin-bottom-large:20px;--awb-spacing-left-large:3.84%;--awb-width-medium:50%;--awb-order-medium:0;--awb-spacing-right-medium:3.84%;--awb-spacing-left-medium:3.84%;--awb-width-small:100%;--awb-order-small:0;--awb-spacing-right-small:1.92%;--awb-spacing-left-small:1.92%;\"><div class=\"fusion-column-wrapper fusion-column-has-shadow fusion-flex-justify-content-flex-start fusion-content-layout-column\"><div class=\"fusion-text fusion-text-5\"><h3><strong>Argenteuil &#8211; Projet 2<br \/>\n<\/strong><\/h3>\n<\/div><div class=\"fusion-image-element \" style=\"--awb-caption-title-font-family:var(--h2_typography-font-family);--awb-caption-title-font-weight:var(--h2_typography-font-weight);--awb-caption-title-font-style:var(--h2_typography-font-style);--awb-caption-title-size:var(--h2_typography-font-size);--awb-caption-title-transform:var(--h2_typography-text-transform);--awb-caption-title-line-height:var(--h2_typography-line-height);--awb-caption-title-letter-spacing:var(--h2_typography-letter-spacing);\"><span class=\" fusion-imageframe imageframe-none imageframe-4 hover-type-none\"><img decoding=\"async\" width=\"4608\" height=\"3456\" title=\"Arg P2 version mai 2024\" src=\"https:\/\/labvieillirlaurentides.uqo.ca\/wp-content\/uploads\/2024\/10\/Arg-P2-version-mai-2024.png\" alt class=\"img-responsive wp-image-1324\" srcset=\"https:\/\/labvieillirlaurentides.uqo.ca\/wp-content\/uploads\/2024\/10\/Arg-P2-version-mai-2024-200x150.png 200w, https:\/\/labvieillirlaurentides.uqo.ca\/wp-content\/uploads\/2024\/10\/Arg-P2-version-mai-2024-400x300.png 400w, https:\/\/labvieillirlaurentides.uqo.ca\/wp-content\/uploads\/2024\/10\/Arg-P2-version-mai-2024-600x450.png 600w, https:\/\/labvieillirlaurentides.uqo.ca\/wp-content\/uploads\/2024\/10\/Arg-P2-version-mai-2024-800x600.png 800w, https:\/\/labvieillirlaurentides.uqo.ca\/wp-content\/uploads\/2024\/10\/Arg-P2-version-mai-2024-1200x900.png 1200w, https:\/\/labvieillirlaurentides.uqo.ca\/wp-content\/uploads\/2024\/10\/Arg-P2-version-mai-2024.png 4608w\" sizes=\"(max-width: 640px) 100vw, 600px\" \/><\/span><\/div><\/div><\/div><div class=\"fusion-layout-column fusion_builder_column fusion-builder-column-7 fusion_builder_column_1_2 1_2 fusion-flex-column\" style=\"--awb-bg-size:cover;--awb-width-large:50%;--awb-margin-top-large:0px;--awb-spacing-right-large:3.84%;--awb-margin-bottom-large:20px;--awb-spacing-left-large:3.84%;--awb-width-medium:50%;--awb-order-medium:0;--awb-spacing-right-medium:3.84%;--awb-spacing-left-medium:3.84%;--awb-width-small:100%;--awb-order-small:0;--awb-spacing-right-small:1.92%;--awb-spacing-left-small:1.92%;\"><div class=\"fusion-column-wrapper fusion-column-has-shadow fusion-flex-justify-content-flex-start fusion-content-layout-column\"><div class=\"fusion-text fusion-text-6\"><h3><strong>Argenteuil &#8211; Projet 3<br \/>\n<\/strong><\/h3>\n<\/div><div class=\"fusion-image-element \" style=\"--awb-caption-title-font-family:var(--h2_typography-font-family);--awb-caption-title-font-weight:var(--h2_typography-font-weight);--awb-caption-title-font-style:var(--h2_typography-font-style);--awb-caption-title-size:var(--h2_typography-font-size);--awb-caption-title-transform:var(--h2_typography-text-transform);--awb-caption-title-line-height:var(--h2_typography-line-height);--awb-caption-title-letter-spacing:var(--h2_typography-letter-spacing);\"><span class=\" fusion-imageframe imageframe-none imageframe-5 hover-type-none\"><img decoding=\"async\" width=\"4608\" height=\"3456\" title=\"ARG-P3\" src=\"https:\/\/labvieillirlaurentides.uqo.ca\/wp-content\/uploads\/2024\/10\/ARG-P3.png\" alt class=\"img-responsive wp-image-1325\" srcset=\"https:\/\/labvieillirlaurentides.uqo.ca\/wp-content\/uploads\/2024\/10\/ARG-P3-200x150.png 200w, https:\/\/labvieillirlaurentides.uqo.ca\/wp-content\/uploads\/2024\/10\/ARG-P3-400x300.png 400w, https:\/\/labvieillirlaurentides.uqo.ca\/wp-content\/uploads\/2024\/10\/ARG-P3-600x450.png 600w, https:\/\/labvieillirlaurentides.uqo.ca\/wp-content\/uploads\/2024\/10\/ARG-P3-800x600.png 800w, https:\/\/labvieillirlaurentides.uqo.ca\/wp-content\/uploads\/2024\/10\/ARG-P3-1200x900.png 1200w, https:\/\/labvieillirlaurentides.uqo.ca\/wp-content\/uploads\/2024\/10\/ARG-P3.png 4608w\" sizes=\"(max-width: 640px) 100vw, 600px\" \/><\/span><\/div><\/div><\/div><\/div><\/div><div class=\"fusion-fullwidth fullwidth-box fusion-builder-row-4 fusion-flex-container has-pattern-background has-mask-background fusion-parallax-none gradient-bold hundred-percent-fullwidth non-hundred-percent-height-scrolling\" style=\"--awb-border-radius-top-left:0px;--awb-border-radius-top-right:0px;--awb-border-radius-bottom-right:0px;--awb-border-radius-bottom-left:0px;--awb-padding-top:6em;--awb-padding-bottom:6em;--awb-background-image:url(&quot;https:\/\/labvieillirlaurentides.uqo.ca\/wp-content\/uploads\/2023\/11\/gradient3.jpg&quot;);--awb-background-size:cover;--awb-flex-wrap:wrap;\" ><div class=\"fusion-builder-row fusion-row fusion-flex-align-items-center fusion-flex-justify-content-center fusion-flex-content-wrap\" style=\"width:104% !important;max-width:104% !important;margin-left: calc(-4% \/ 2 );margin-right: calc(-4% \/ 2 );\"><div class=\"fusion-layout-column fusion_builder_column fusion-builder-column-8 fusion_builder_column_2_5 2_5 fusion-flex-column\" style=\"--awb-bg-size:cover;--awb-width-large:40%;--awb-margin-top-large:0px;--awb-spacing-right-large:4.8%;--awb-margin-bottom-large:20px;--awb-spacing-left-large:4.8%;--awb-width-medium:60%;--awb-order-medium:0;--awb-spacing-right-medium:3.2%;--awb-spacing-left-medium:3.2%;--awb-width-small:100%;--awb-order-small:0;--awb-spacing-right-small:1.92%;--awb-spacing-left-small:1.92%;\" data-motion-effects=\"[{&quot;type&quot;:&quot;&quot;,&quot;scroll_type&quot;:&quot;transition&quot;,&quot;scroll_direction&quot;:&quot;up&quot;,&quot;transition_speed&quot;:&quot;1&quot;,&quot;fade_type&quot;:&quot;in&quot;,&quot;scale_type&quot;:&quot;up&quot;,&quot;initial_scale&quot;:&quot;1&quot;,&quot;max_scale&quot;:&quot;1.5&quot;,&quot;min_scale&quot;:&quot;0.5&quot;,&quot;initial_rotate&quot;:&quot;0&quot;,&quot;end_rotate&quot;:&quot;30&quot;,&quot;initial_blur&quot;:&quot;0&quot;,&quot;end_blur&quot;:&quot;3&quot;,&quot;start_element&quot;:&quot;top&quot;,&quot;start_viewport&quot;:&quot;bottom&quot;,&quot;end_element&quot;:&quot;bottom&quot;,&quot;end_viewport&quot;:&quot;top&quot;,&quot;mouse_effect&quot;:&quot;track&quot;,&quot;mouse_effect_direction&quot;:&quot;opposite&quot;,&quot;mouse_effect_speed&quot;:&quot;2&quot;,&quot;infinite_animation&quot;:&quot;float&quot;,&quot;infinite_animation_speed&quot;:&quot;2&quot;}]\" data-scroll-devices=\"small-visibility,medium-visibility,large-visibility\"><div class=\"fusion-column-wrapper fusion-column-has-shadow fusion-flex-justify-content-flex-start fusion-content-layout-column\"><div class=\"fusion-title title fusion-title-3 fusion-sep-none fusion-title-text fusion-title-size-three\"><h3 class=\"fusion-title-heading title-heading-left fusion-responsive-typography-calculated\" style=\"margin:0;--fontSize:35;line-height:1;\"><p style=\"text-align: center;\">Des questions ?<\/p><\/h3><\/div><div class=\"fusion-text fusion-text-7\"><p style=\"text-align: center;\">N\u2019h\u00e9sitez pas \u00e0 nous contacter ! Nous somme l\u00e0 pour vous r\u00e9pondre.<\/p>\n<\/div><div style=\"text-align:center;\"><a class=\"fusion-button button-flat fusion-button-default-size button-default fusion-button-default button-1 fusion-button-default-span fusion-button-default-type\" target=\"_self\" href=\"https:\/\/labvieillirlaurentides.uqo.ca\/index.php\/contact\/\"><span class=\"fusion-button-text\">Contactez-nous<\/span><\/a><\/div><\/div><\/div><\/div><\/div><\/p>\n","protected":false},"excerpt":{"rendered":"","protected":false},"author":4,"featured_media":0,"parent":23,"menu_order":0,"comment_status":"closed","ping_status":"closed","template":"100-width.php","meta":{"footnotes":""},"class_list":["post-1454","page","type-page","status-publish","hentry"],"aioseo_notices":[],"_links":{"self":[{"href":"https:\/\/labvieillirlaurentides.uqo.ca\/index.php\/wp-json\/wp\/v2\/pages\/1454","targetHints":{"allow":["GET"]}}],"collection":[{"href":"https:\/\/labvieillirlaurentides.uqo.ca\/index.php\/wp-json\/wp\/v2\/pages"}],"about":[{"href":"https:\/\/labvieillirlaurentides.uqo.ca\/index.php\/wp-json\/wp\/v2\/types\/page"}],"author":[{"embeddable":true,"href":"https:\/\/labvieillirlaurentides.uqo.ca\/index.php\/wp-json\/wp\/v2\/users\/4"}],"replies":[{"embeddable":true,"href":"https:\/\/labvieillirlaurentides.uqo.ca\/index.php\/wp-json\/wp\/v2\/comments?post=1454"}],"version-history":[{"count":23,"href":"https:\/\/labvieillirlaurentides.uqo.ca\/index.php\/wp-json\/wp\/v2\/pages\/1454\/revisions"}],"predecessor-version":[{"id":1482,"href":"https:\/\/labvieillirlaurentides.uqo.ca\/index.php\/wp-json\/wp\/v2\/pages\/1454\/revisions\/1482"}],"up":[{"embeddable":true,"href":"https:\/\/labvieillirlaurentides.uqo.ca\/index.php\/wp-json\/wp\/v2\/pages\/23"}],"wp:attachment":[{"href":"https:\/\/labvieillirlaurentides.uqo.ca\/index.php\/wp-json\/wp\/v2\/media?parent=1454"}],"curies":[{"name":"wp","href":"https:\/\/api.w.org\/{rel}","templated":true}]}}